{"id":1638,"date":"2026-04-21T07:48:51","date_gmt":"2026-04-21T05:48:51","guid":{"rendered":"https:\/\/www.lumira.de\/seminare-shop\/?post_type=product&#038;p=1638"},"modified":"2026-04-22T08:41:50","modified_gmt":"2026-04-22T06:41:50","slug":"260613","status":"publish","type":"product","link":"https:\/\/www.lumira.de\/seminare-shop\/produkt\/260613\/","title":{"rendered":"Bauch-Massage Training f\u00fcr Therapeuten und Interessenten 13.06.2026"},"content":{"rendered":"<p><strong>Ein Trainingstag mit Lumira &amp; Team f\u00fcr Fortgeschrittene als Fortbildung<br \/>\n<\/strong><\/p>\n<p><strong>Voraussetzungen: <\/strong><\/p>\n<ul>\n<li>Therapeut\/in (ggf. in Ausbildung) bzw. Interessent mit entspr. Vorkenntnissen<\/li>\n<li>Bauch-Selbstmassage live oder online bei mir<\/li>\n<\/ul>\n<p>Du m\u00f6chtest in deiner Praxis die Viszeralmassage anbieten, dann werden die Techniken hier ge\u00fcbt und vertieft.<\/p>\n<p><strong>\u00a0<\/strong><strong>Schwerpunkte:<\/strong><\/p>\n<ul>\n<li>Massageablauf mit Klienten<\/li>\n<li><strong>Nierenkorrektur<\/strong><\/li>\n<li>Visuelle Anamnese Verfahren<\/li>\n<\/ul>\n<p>Da es dieses Seminar Sitz-, die Liegepl\u00e4tze erfordert, ist <strong>die Teilnehmerzahl begrenzt<\/strong>.<\/p>\n<p><strong>Bitte mitbringen:<\/strong><br \/>\n&gt; bequeme Hausschuhe bzw. Socken<br \/>\n&gt; bequeme Kleidung (am besten Sportkleidung)<img loading=\"lazy\" decoding=\"async\" class=\" wp-image-2960 alignright\" src=\"https:\/\/www.lumira.de\/wp-content\/uploads\/2019\/09\/Schroepfset_Pumpe-300x227.jpg\" alt=\"Schr\u00f6pfset mit Pumpe\" width=\"226\" height=\"171\" \/><br \/>\n&gt; bei Frauen Sport BH bzw. kein BH<br \/>\n&gt; beim Bedarf Haargummi<br \/>\n&gt;einen Schr\u00f6pfset mit Pumpe mit mind. 24 Schr\u00f6pfgl\u00e4ser. <a href=\"https:\/\/www.lumira.de\/?s=schr%C3%B6pf&amp;post_type=product\" target=\"_blank\" rel=\"noopener\">Hier kaufen<\/a> (kann auch vor Ort gekauft werden)<br \/>\n&gt; eine leichte Decke<br \/>\n&gt; ein Handtuch ca. 100&#215;40, ein kleiner Handtuch ca. 45&#215;20, ein Waschlappen<br \/>\n&gt; Schreibutensilien<\/p>\n<p>Das Seminar wird in einer kleinen Gruppe durchgef\u00fchrt,\u00a0daher sind die <strong>Seminarpl\u00e4tze stark begrenz<\/strong>t<\/p>\n<p><strong>Seminarzeit:<\/strong> 09:30 &#8211; ca. 17:00<br \/>\n<strong>Seminarort<\/strong>: Seminarzentrum RA, Fuggerplatz 2C, 86916 Kaufering<\/p>\n<p><a href=\"https:\/\/www.lumira.de\/produkt\/b011\/\" target=\"_blank\" rel=\"noopener noreferrer\"><strong>Buch zum Seminar:<\/strong><br \/>\n<\/a><a href=\"https:\/\/www.lumira.de\/produkt\/b003\/\" target=\"_blank\" rel=\"noopener noreferrer\"><img loading=\"lazy\" decoding=\"async\" class=\"alignnone wp-image-9039 size-thumbnail\" src=\"https:\/\/www.lumira.de\/wp-content\/uploads\/2022\/04\/Die-Heilgeheimnisse-der-altrussischen-Volksmedizin2.jpg\" alt=\"\" width=\"150\" height=\"397\" \/><\/a><\/p>\n<p><a href=\"https:\/\/www.booking.com\/s\/32_8\/verlag84\"><img decoding=\"async\" class=\"alignleft wp-image-11921\" src=\"https:\/\/www.lumira.de\/wp-content\/uploads\/2022\/04\/booking-com.png\" alt=\"booking.com\" width=\"150\" \/> \u00dcbernachtung buchen bei <strong>booking.com<\/strong><\/a><\/p>\n<p>&nbsp;<\/p>\n<p>Mit der Seminarbuchung stimmst du unseren <a href=\"https:\/\/www.lumira.de\/agb\/\" target=\"_blank\" rel=\"noopener noreferrer\">AGB<\/a> zu<\/p>\n","protected":false},"excerpt":{"rendered":"<p>Ein Trainingstag mit Lumira &amp; Team f\u00fcr Fortgeschrittene als Fortbildung Voraussetzungen: Therapeut\/in (ggf. in Ausbildung) bzw. Interessent mit entspr. Vorkenntnissen Bauch-Selbstmassage live oder online bei mir Du m\u00f6chtest in deiner Praxis die Viszeralmassage anbieten, dann werden die Techniken hier ge\u00fcbt und vertieft. \u00a0Schwerpunkte: Massageablauf mit Klienten Nierenkorrektur Visuelle Anamnese Verfahren Da es dieses Seminar Sitz-, [&hellip;]<\/p>\n","protected":false},"featured_media":392,"template":"","meta":[],"product_brand":[],"product_cat":[41],"product_tag":[69,52,53,54,55,56,57,58,59,60,61,46,63,64,65,66,67,68,50,51],"class_list":{"0":"post-1638","1":"product","2":"type-product","3":"status-publish","4":"has-post-thumbnail","6":"product_cat-seminare","7":"product_tag-alternativ","8":"product_tag-aufklaerung","9":"product_tag-bauch","10":"product_tag-beratung","11":"product_tag-diagnose","12":"product_tag-ganzheitlich","13":"product_tag-geistig","14":"product_tag-geistige","15":"product_tag-gesundheit","16":"product_tag-heilen","17":"product_tag-heiltechnik","18":"product_tag-heilung","19":"product_tag-lumira","20":"product_tag-massage","21":"product_tag-organ","22":"product_tag-russisch","23":"product_tag-seminar","24":"product_tag-ursache","25":"product_tag-wahrheit","26":"product_tag-wissen","28":"first","29":"instock","30":"virtual","31":"taxable","32":"purchasable","33":"product-type-simple"},"_links":{"self":[{"href":"https:\/\/www.lumira.de\/seminare-shop\/wp-json\/wp\/v2\/product\/1638","targetHints":{"allow":["GET"]}}],"collection":[{"href":"https:\/\/www.lumira.de\/seminare-shop\/wp-json\/wp\/v2\/product"}],"about":[{"href":"https:\/\/www.lumira.de\/seminare-shop\/wp-json\/wp\/v2\/types\/product"}],"wp:featuredmedia":[{"embeddable":true,"href":"https:\/\/www.lumira.de\/seminare-shop\/wp-json\/wp\/v2\/media\/392"}],"wp:attachment":[{"href":"https:\/\/www.lumira.de\/seminare-shop\/wp-json\/wp\/v2\/media?parent=1638"}],"wp:term":[{"taxonomy":"product_brand","embeddable":true,"href":"https:\/\/www.lumira.de\/seminare-shop\/wp-json\/wp\/v2\/product_brand?post=1638"},{"taxonomy":"product_cat","embeddable":true,"href":"https:\/\/www.lumira.de\/seminare-shop\/wp-json\/wp\/v2\/product_cat?post=1638"},{"taxonomy":"product_tag","embeddable":true,"href":"https:\/\/www.lumira.de\/seminare-shop\/wp-json\/wp\/v2\/product_tag?post=1638"}],"curies":[{"name":"wp","href":"https:\/\/api.w.org\/{rel}","templated":true}]}}